{"id":24,"date":"2025-09-29T17:17:37","date_gmt":"2025-09-29T15:17:37","guid":{"rendered":"https:\/\/lachapellesousbrancion-culture-patrimoine.fr\/?page_id=24"},"modified":"2025-09-30T16:48:50","modified_gmt":"2025-09-30T14:48:50","slug":"nos-renovations-1","status":"publish","type":"page","link":"https:\/\/lachapellesousbrancion-culture-patrimoine.fr\/?page_id=24","title":{"rendered":"l&rsquo;\u00e9glise, sa restauration"},"content":{"rendered":"\n<h2 class=\"wp-block-heading\"><strong>Restauration de la peinture murale<\/strong><\/h2>\n\n\n\n<div class=\"wp-block-media-text is-stacked-on-mobile\"><figure class=\"wp-block-media-text__media\"><img loading=\"lazy\" decoding=\"async\" width=\"624\" height=\"936\" src=\"https:\/\/lachapellesousbrancion-culture-patrimoine.fr\/wp-content\/uploads\/2025\/09\/ch-restauration-de-la-chapelle-683x1024-624x936-1.jpg\" alt=\"\" class=\"wp-image-35 size-full\" srcset=\"https:\/\/lachapellesousbrancion-culture-patrimoine.fr\/wp-content\/uploads\/2025\/09\/ch-restauration-de-la-chapelle-683x1024-624x936-1.jpg 624w, https:\/\/lachapellesousbrancion-culture-patrimoine.fr\/wp-content\/uploads\/2025\/09\/ch-restauration-de-la-chapelle-683x1024-624x936-1-200x300.jpg 200w\" sizes=\"auto, (max-width: 624px) 100vw, 624px\" \/><\/figure><div class=\"wp-block-media-text__content\">\n<p class=\"has-background\" style=\"background:radial-gradient(#C2A990 0%,#F9F9F9 100%)\">D\u00e9couverte en 2003, elle daterait des XIIIe et XVIe si\u00e8cle. Cinq stages \u00ab Rempart \u00bb ont permis de mettre \u00e0 jour une part significative de la peinture. La restauration s\u2019est termin\u00e9e en 2013 avec l\u2019aide d\u2019une restauratrice professionnelle. Plusieurs travaux lourds de r\u00e9paration du toit de l\u2019abside ont \u00e9t\u00e9 n\u00e9cessaires.<\/p>\n<\/div><\/div>\n\n\n\n<figure class=\"wp-block-image size-large\"><img loading=\"lazy\" decoding=\"async\" width=\"1024\" height=\"961\" src=\"https:\/\/lachapellesousbrancion-culture-patrimoine.fr\/wp-content\/uploads\/2025\/09\/image-choeur-eglise-1024x961.jpg\" alt=\"\" class=\"wp-image-36\" srcset=\"https:\/\/lachapellesousbrancion-culture-patrimoine.fr\/wp-content\/uploads\/2025\/09\/image-choeur-eglise-1024x961.jpg 1024w, https:\/\/lachapellesousbrancion-culture-patrimoine.fr\/wp-content\/uploads\/2025\/09\/image-choeur-eglise-300x282.jpg 300w, https:\/\/lachapellesousbrancion-culture-patrimoine.fr\/wp-content\/uploads\/2025\/09\/image-choeur-eglise-768x721.jpg 768w, https:\/\/lachapellesousbrancion-culture-patrimoine.fr\/wp-content\/uploads\/2025\/09\/image-choeur-eglise.jpg 1386w\" sizes=\"auto, (max-width: 1024px) 100vw, 1024px\" \/><\/figure>\n\n\n\n<p><\/p>\n\n\n\n<p><\/p>\n\n\n\n<h2 class=\"wp-block-heading\"><strong>Restauration de la statue<\/strong> <strong>de la Vierge<\/strong><\/h2>\n\n\n\n<div class=\"wp-block-media-text has-media-on-the-right is-stacked-on-mobile\"><div class=\"wp-block-media-text__content\">\n<p>Dat\u00e9e de la fin du XV\u00e8me si\u00e8cle, sculpt\u00e9e dans un calcaire par un auteur inconnu a \u00e9t\u00e9 remise en \u00e9tat. Cass\u00e9e en trois morceaux lors de la r\u00e9volution et recoll\u00e9e tant bien que mal, cette statue \u00e9tait plac\u00e9e dans une niche \u00e0 3 m de hauteur, derri\u00e8re des barreaux sur une fa\u00e7ade ext\u00e9rieure de l\u2019\u00e9glise.&nbsp; &nbsp;&nbsp;<\/p>\n<\/div><figure class=\"wp-block-media-text__media\"><img loading=\"lazy\" decoding=\"async\" width=\"711\" height=\"1024\" src=\"https:\/\/lachapellesousbrancion-culture-patrimoine.fr\/wp-content\/uploads\/2025\/09\/Vierge-711x1024.jpg\" alt=\"\" class=\"wp-image-38 size-full\" srcset=\"https:\/\/lachapellesousbrancion-culture-patrimoine.fr\/wp-content\/uploads\/2025\/09\/Vierge-711x1024.jpg 711w, https:\/\/lachapellesousbrancion-culture-patrimoine.fr\/wp-content\/uploads\/2025\/09\/Vierge-208x300.jpg 208w, https:\/\/lachapellesousbrancion-culture-patrimoine.fr\/wp-content\/uploads\/2025\/09\/Vierge-768x1107.jpg 768w, https:\/\/lachapellesousbrancion-culture-patrimoine.fr\/wp-content\/uploads\/2025\/09\/Vierge.jpg 955w\" sizes=\"auto, (max-width: 711px) 100vw, 711px\" \/><\/figure><\/div>\n\n\n\n<p class=\"has-gradient-2-gradient-background has-background\">Elle fut oubli\u00e9e durant un si\u00e8cle sous la pluie, les lichens et les algues incrust\u00e9s dans le calcaire expliquent la disparition de sa polychromie. Apr\u00e8s l\u2019intervention de l\u2019Atelier de restauration Cren, elle fut r\u00e9introduite \u00e0 l\u2019int\u00e9rieur de l\u2019\u00e9glise sur un pi\u00e9destal \u00e0 l\u2019entr\u00e9e du ch\u0153ur.&nbsp; De style bourguignon, elle pr\u00e9sente une attitude corporelle \u00e9l\u00e9gante et un visage expressif.<\/p>\n\n\n\n<figure class=\"wp-block-gallery has-nested-images columns-default is-cropped wp-block-gallery-1 is-layout-flex wp-block-gallery-is-layout-flex\">\n<figure class=\"wp-block-image size-large\"><img loading=\"lazy\" decoding=\"async\" width=\"290\" height=\"234\" data-id=\"40\" src=\"https:\/\/lachapellesousbrancion-culture-patrimoine.fr\/wp-content\/uploads\/2025\/09\/Travaux-dans-leglise-624x234-B.png\" alt=\"\" class=\"wp-image-40\"\/><\/figure>\n\n\n\n<figure class=\"wp-block-image size-large\"><img loading=\"lazy\" decoding=\"async\" width=\"313\" height=\"174\" data-id=\"39\" src=\"https:\/\/lachapellesousbrancion-culture-patrimoine.fr\/wp-content\/uploads\/2025\/09\/Travaux-dans-leglise-624x234-A.png\" alt=\"\" class=\"wp-image-39\" srcset=\"https:\/\/lachapellesousbrancion-culture-patrimoine.fr\/wp-content\/uploads\/2025\/09\/Travaux-dans-leglise-624x234-A.png 313w, https:\/\/lachapellesousbrancion-culture-patrimoine.fr\/wp-content\/uploads\/2025\/09\/Travaux-dans-leglise-624x234-A-300x167.png 300w\" sizes=\"auto, (max-width: 313px) 100vw, 313px\" \/><\/figure>\n\n\n\n<figure class=\"wp-block-image size-large\"><img loading=\"lazy\" decoding=\"async\" width=\"338\" height=\"427\" data-id=\"41\" src=\"https:\/\/lachapellesousbrancion-culture-patrimoine.fr\/wp-content\/uploads\/2025\/09\/image.png\" alt=\"\" class=\"wp-image-41\" srcset=\"https:\/\/lachapellesousbrancion-culture-patrimoine.fr\/wp-content\/uploads\/2025\/09\/image.png 338w, https:\/\/lachapellesousbrancion-culture-patrimoine.fr\/wp-content\/uploads\/2025\/09\/image-237x300.png 237w\" sizes=\"auto, (max-width: 338px) 100vw, 338px\" \/><\/figure>\n<\/figure>\n\n\n\n<p><\/p>\n\n\n\n<h2 class=\"wp-block-heading\"><strong>R\u00e9fection de la grille du ch\u0153ur \u00a0<\/strong><\/h2>\n\n\n\n<div class=\"wp-block-media-text is-stacked-on-mobile\"><figure class=\"wp-block-media-text__media\"><img loading=\"lazy\" decoding=\"async\" width=\"1024\" height=\"576\" src=\"https:\/\/lachapellesousbrancion-culture-patrimoine.fr\/wp-content\/uploads\/2025\/09\/grille-choeur-1024x576.jpg\" alt=\"\" class=\"wp-image-43 size-full\" srcset=\"https:\/\/lachapellesousbrancion-culture-patrimoine.fr\/wp-content\/uploads\/2025\/09\/grille-choeur-1024x576.jpg 1024w, https:\/\/lachapellesousbrancion-culture-patrimoine.fr\/wp-content\/uploads\/2025\/09\/grille-choeur-300x169.jpg 300w, https:\/\/lachapellesousbrancion-culture-patrimoine.fr\/wp-content\/uploads\/2025\/09\/grille-choeur-768x432.jpg 768w, https:\/\/lachapellesousbrancion-culture-patrimoine.fr\/wp-content\/uploads\/2025\/09\/grille-choeur.jpg 1385w\" sizes=\"auto, (max-width: 1024px) 100vw, 1024px\" \/><\/figure><div class=\"wp-block-media-text__content\">\n<p class=\"has-background\" style=\"background:radial-gradient(#C2A990 0%,#F9F9F9 100%)\">Le ch\u0153ur de l\u2019\u00e9glise sur\u00e9lev\u00e9 de la nef par un emmarchement est ferm\u00e9 par <strong>une grille de communion<\/strong> en fer forg\u00e9 du XVIII <sup>-\u00e8me<\/sup> si\u00e8cle \u00e9galement class\u00e9e. La r\u00e9paration de ses serrures et l\u2019\u00e9clat de sa ferronnerie furent apport\u00e9s en 2017 par l\u2019artisan Emmanuel F\u00c8VRE.&nbsp;<\/p>\n<\/div><\/div>\n\n\n\n<p><\/p>\n\n\n\n<h2 class=\"wp-block-heading\"><strong>R\u00e9novation d&rsquo;un tableau du peintre De Jussieu intitul\u00e9 \u00ab&nbsp;le denier de C\u00e9sar&nbsp;\u00bb<\/strong><\/h2>\n\n\n\n<figure class=\"wp-block-image size-large\"><img loading=\"lazy\" decoding=\"async\" width=\"1024\" height=\"683\" src=\"https:\/\/lachapellesousbrancion-culture-patrimoine.fr\/wp-content\/uploads\/2025\/09\/tableau-1024x683.jpg\" alt=\"\" class=\"wp-image-45\" srcset=\"https:\/\/lachapellesousbrancion-culture-patrimoine.fr\/wp-content\/uploads\/2025\/09\/tableau-1024x683.jpg 1024w, https:\/\/lachapellesousbrancion-culture-patrimoine.fr\/wp-content\/uploads\/2025\/09\/tableau-300x200.jpg 300w, https:\/\/lachapellesousbrancion-culture-patrimoine.fr\/wp-content\/uploads\/2025\/09\/tableau-768x512.jpg 768w, https:\/\/lachapellesousbrancion-culture-patrimoine.fr\/wp-content\/uploads\/2025\/09\/tableau.jpg 1386w\" sizes=\"auto, (max-width: 1024px) 100vw, 1024px\" \/><\/figure>\n\n\n\n<p><\/p>\n\n\n\n<p><\/p>\n\n\n\n<h2 class=\"wp-block-heading\"><strong>R\u00e9novation de la chair<\/strong>\u00a0<\/h2>\n\n\n\n<p>Remise en \u00e9tat de l\u2019escalier en bois par S\u00e9bastien Tremeau. <\/p>\n\n\n\n<p><\/p>\n","protected":false},"excerpt":{"rendered":"<p>Restauration de la peinture murale D\u00e9couverte en 2003, elle daterait des XIIIe et XVIe si\u00e8cle. Cinq stages \u00ab Rempart \u00bb ont permis de mettre \u00e0 jour une part significative de la peinture. La restauration s\u2019est termin\u00e9e en 2013 avec l\u2019aide d\u2019une restauratrice professionnelle. Plusieurs travaux lourds de r\u00e9paration du toit de l\u2019abside ont \u00e9t\u00e9 n\u00e9cessaires. [&hellip;]<\/p>\n","protected":false},"author":1,"featured_media":0,"parent":0,"menu_order":0,"comment_status":"closed","ping_status":"closed","template":"","meta":{"footnotes":""},"class_list":["post-24","page","type-page","status-publish","hentry"],"_links":{"self":[{"href":"https:\/\/lachapellesousbrancion-culture-patrimoine.fr\/index.php?rest_route=\/wp\/v2\/pages\/24","targetHints":{"allow":["GET"]}}],"collection":[{"href":"https:\/\/lachapellesousbrancion-culture-patrimoine.fr\/index.php?rest_route=\/wp\/v2\/pages"}],"about":[{"href":"https:\/\/lachapellesousbrancion-culture-patrimoine.fr\/index.php?rest_route=\/wp\/v2\/types\/page"}],"author":[{"embeddable":true,"href":"https:\/\/lachapellesousbrancion-culture-patrimoine.fr\/index.php?rest_route=\/wp\/v2\/users\/1"}],"replies":[{"embeddable":true,"href":"https:\/\/lachapellesousbrancion-culture-patrimoine.fr\/index.php?rest_route=%2Fwp%2Fv2%2Fcomments&post=24"}],"version-history":[{"count":10,"href":"https:\/\/lachapellesousbrancion-culture-patrimoine.fr\/index.php?rest_route=\/wp\/v2\/pages\/24\/revisions"}],"predecessor-version":[{"id":109,"href":"https:\/\/lachapellesousbrancion-culture-patrimoine.fr\/index.php?rest_route=\/wp\/v2\/pages\/24\/revisions\/109"}],"wp:attachment":[{"href":"https:\/\/lachapellesousbrancion-culture-patrimoine.fr\/index.php?rest_route=%2Fwp%2Fv2%2Fmedia&parent=24"}],"curies":[{"name":"wp","href":"https:\/\/api.w.org\/{rel}","templated":true}]}}