{"id":14,"date":"2025-09-29T16:00:58","date_gmt":"2025-09-29T14:00:58","guid":{"rendered":"https:\/\/lachapellesousbrancion-culture-patrimoine.fr\/?page_id=14"},"modified":"2025-10-02T18:25:59","modified_gmt":"2025-10-02T16:25:59","slug":"lassociation","status":"publish","type":"page","link":"https:\/\/lachapellesousbrancion-culture-patrimoine.fr\/?page_id=14","title":{"rendered":"L&rsquo;association"},"content":{"rendered":"\n<p><\/p>\n\n\n\n<h2 class=\"wp-block-heading\">Culture et Patrimoine<\/h2>\n\n\n\n<div class=\"wp-block-media-text is-stacked-on-mobile\"><figure class=\"wp-block-media-text__media\"><img loading=\"lazy\" decoding=\"async\" width=\"184\" height=\"185\" src=\"https:\/\/lachapellesousbrancion-culture-patrimoine.fr\/wp-content\/uploads\/2025\/09\/logo.jpg\" alt=\"\" class=\"wp-image-18 size-full\" srcset=\"https:\/\/lachapellesousbrancion-culture-patrimoine.fr\/wp-content\/uploads\/2025\/09\/logo.jpg 184w, https:\/\/lachapellesousbrancion-culture-patrimoine.fr\/wp-content\/uploads\/2025\/09\/logo-150x150.jpg 150w\" sizes=\"auto, (max-width: 184px) 100vw, 184px\" \/><\/figure><div class=\"wp-block-media-text__content\">\n<p class=\"has-text-align-left has-background\" style=\"background:radial-gradient(#B1C5A4 0%,#F9F9F9 100%)\">Fond\u00e9e en novembre 2001, l\u2019association a l\u2019ambition de mettre en valeur le patrimoine de la commune, d\u2019en garder m\u00e9moire et de le faire conna\u00eetre. Il s\u2019agit du patrimoine b\u00e2ti, civil et religieux, du paysage, ainsi que de l\u2019histoire et des traditions des Chapelons.<\/p>\n<\/div><\/div>\n\n\n\n<p class=\"has-gradient-4-gradient-background has-background\">Ce patrimoine restera vivant s\u2019il est anim\u00e9 et mis en valeur en bonne entente avec tous : habitants, municipalit\u00e9, communes voisines, pouvoirs publics etc. L\u2019association rassemble une centaine d\u2019adh\u00e9rents.<\/p>\n\n\n\n<p class=\"has-background\" style=\"background:radial-gradient(#B1C5A4 0%,#F9F9F9 100%)\">Les activit\u00e9s de l\u2019Association sont diverses : restauration, contribution \u00e0 la connaissance de l\u2019histoire locale, animation. Elles concernent le <strong>patrimoine b\u00e2ti <\/strong>class\u00e9 ou non, modeste et m\u00e9connu devenu inutile \u00e0 cause des progr\u00e8s de la vie, et l\u2019<strong>environnement<\/strong> avec des plantations d\u2019arbres, de haies.<\/p>\n\n\n\n<p class=\"has-background\" style=\"background:radial-gradient(#B1C5A4 0%,#F9F9F9 100%)\">Le patrimoine b\u00e2ti et paysag\u00e9 de la commune est important et remarquable :<\/p>\n\n\n\n<ul class=\"wp-block-list\">\n<li class=\"has-gradient-4-gradient-background has-background\">Nombreuses demeures (XVIe, XVIIIe, XIXe si\u00e8cles) dont plusieurs maisons vigneronnes<\/li>\n\n\n\n<li class=\"has-background\" style=\"background:radial-gradient(#B1C5A4 0%,#F9F9F9 100%)\">\u00c9glise du XIIe s. inscrite \u00e0 l\u2019inventaire des monuments historiques<\/li>\n\n\n\n<li class=\"has-background\" style=\"background:radial-gradient(#B1C5A4 0%,#F9F9F9 100%)\">Ch\u00e2teau de Nobles (XVIe et XVIIe si\u00e8cles)<\/li>\n\n\n\n<li class=\"has-background\" style=\"background:radial-gradient(#B1C5A4 0%,#F9F9F9 100%)\">Menhir de la pierre lev\u00e9e \u00e0 Nobles<\/li>\n\n\n\n<li class=\"has-background\" style=\"background:radial-gradient(#B1C5A4 0%,#F9F9F9 100%)\">Cinq lavoirs du XIXe si\u00e8cle<\/li>\n\n\n\n<li class=\"has-background\" style=\"background:radial-gradient(#B1C5A4 0%,#F9F9F9 100%)\">L\u2019un des plus beaux paysages de Bourgogne impressionnant vu depuis Brancion.<\/li>\n<\/ul>\n\n\n\n<p><\/p>\n\n\n\n<p class=\"has-background\" style=\"background-color:#dffb89\">Tout en contribuant \u00e0 la restauration du \u00ab&nbsp;b\u00e2ti&nbsp;\u00bb du village, l\u2019association Culture et Patrimoine s\u2019est tourn\u00e9e vers des recherches historiques qui ont conduit \u00e0 l\u2019\u00e9dition de dossiers d\u2019\u00e9tude&nbsp;: Les lavoirs de la commune (2015), l\u2019\u00e9glise et la paroisse (2017), les \u00e9coles (2018). D\u2019autres dossiers sont en cours de recherche\/r\u00e9daction.<\/p>\n\n\n\n<figure class=\"wp-block-image size-full\"><img loading=\"lazy\" decoding=\"async\" width=\"683\" height=\"166\" src=\"https:\/\/lachapellesousbrancion-culture-patrimoine.fr\/wp-content\/uploads\/2025\/09\/entete-1.png\" alt=\"\" class=\"wp-image-21\" srcset=\"https:\/\/lachapellesousbrancion-culture-patrimoine.fr\/wp-content\/uploads\/2025\/09\/entete-1.png 683w, https:\/\/lachapellesousbrancion-culture-patrimoine.fr\/wp-content\/uploads\/2025\/09\/entete-1-300x73.png 300w\" sizes=\"auto, (max-width: 683px) 100vw, 683px\" \/><\/figure>\n\n\n\n<p>Nous contacter : culture.patrimoine.csb@gmail.com  <\/p>\n\n\n\n<p><\/p>\n","protected":false},"excerpt":{"rendered":"<p>Culture et Patrimoine Fond\u00e9e en novembre 2001, l\u2019association a l\u2019ambition de mettre en valeur le patrimoine de la commune, d\u2019en garder m\u00e9moire et de le faire conna\u00eetre. Il s\u2019agit du patrimoine b\u00e2ti, civil et religieux, du paysage, ainsi que de l\u2019histoire et des traditions des Chapelons. Ce patrimoine restera vivant s\u2019il est anim\u00e9 et mis [&hellip;]<\/p>\n","protected":false},"author":1,"featured_media":0,"parent":0,"menu_order":0,"comment_status":"closed","ping_status":"closed","template":"","meta":{"footnotes":""},"class_list":["post-14","page","type-page","status-publish","hentry"],"_links":{"self":[{"href":"https:\/\/lachapellesousbrancion-culture-patrimoine.fr\/index.php?rest_route=\/wp\/v2\/pages\/14","targetHints":{"allow":["GET"]}}],"collection":[{"href":"https:\/\/lachapellesousbrancion-culture-patrimoine.fr\/index.php?rest_route=\/wp\/v2\/pages"}],"about":[{"href":"https:\/\/lachapellesousbrancion-culture-patrimoine.fr\/index.php?rest_route=\/wp\/v2\/types\/page"}],"author":[{"embeddable":true,"href":"https:\/\/lachapellesousbrancion-culture-patrimoine.fr\/index.php?rest_route=\/wp\/v2\/users\/1"}],"replies":[{"embeddable":true,"href":"https:\/\/lachapellesousbrancion-culture-patrimoine.fr\/index.php?rest_route=%2Fwp%2Fv2%2Fcomments&post=14"}],"version-history":[{"count":9,"href":"https:\/\/lachapellesousbrancion-culture-patrimoine.fr\/index.php?rest_route=\/wp\/v2\/pages\/14\/revisions"}],"predecessor-version":[{"id":137,"href":"https:\/\/lachapellesousbrancion-culture-patrimoine.fr\/index.php?rest_route=\/wp\/v2\/pages\/14\/revisions\/137"}],"wp:attachment":[{"href":"https:\/\/lachapellesousbrancion-culture-patrimoine.fr\/index.php?rest_route=%2Fwp%2Fv2%2Fmedia&parent=14"}],"curies":[{"name":"wp","href":"https:\/\/api.w.org\/{rel}","templated":true}]}}