{"id":110,"date":"2025-09-30T16:57:23","date_gmt":"2025-09-30T14:57:23","guid":{"rendered":"https:\/\/lachapellesousbrancion-culture-patrimoine.fr\/?page_id=110"},"modified":"2025-09-30T16:57:23","modified_gmt":"2025-09-30T14:57:23","slug":"lecole-comme-autrefois","status":"publish","type":"page","link":"https:\/\/lachapellesousbrancion-culture-patrimoine.fr\/?page_id=110","title":{"rendered":"L&rsquo;\u00e9cole comme autrefois"},"content":{"rendered":"\n<p class=\"has-background\" style=\"background:radial-gradient(#B5BDBC 0%,#F9F9F9 100%)\">Lors des Journ\u00e9es du Patrimoine du 16 septembre 2018, l\u2019Association a reconstitu\u00e9 la salle de classe de la commune disparue depuis 1974 et a fait revivre une journ\u00e9e de classe avec la sempiternelle dict\u00e9e et le calcul mental.<\/p>\n\n\n\n<figure class=\"wp-block-image size-full\"><img loading=\"lazy\" decoding=\"async\" width=\"1000\" height=\"664\" src=\"https:\/\/lachapellesousbrancion-culture-patrimoine.fr\/wp-content\/uploads\/2025\/09\/ecole-3-1.jpg\" alt=\"\" class=\"wp-image-111\" srcset=\"https:\/\/lachapellesousbrancion-culture-patrimoine.fr\/wp-content\/uploads\/2025\/09\/ecole-3-1.jpg 1000w, https:\/\/lachapellesousbrancion-culture-patrimoine.fr\/wp-content\/uploads\/2025\/09\/ecole-3-1-300x199.jpg 300w, https:\/\/lachapellesousbrancion-culture-patrimoine.fr\/wp-content\/uploads\/2025\/09\/ecole-3-1-768x510.jpg 768w\" sizes=\"auto, (max-width: 1000px) 100vw, 1000px\" \/><\/figure>\n\n\n\n<figure class=\"wp-block-gallery has-nested-images columns-default is-cropped wp-block-gallery-1 is-layout-flex wp-block-gallery-is-layout-flex\">\n<figure class=\"wp-block-image size-large\"><img loading=\"lazy\" decoding=\"async\" width=\"1000\" height=\"488\" data-id=\"112\" src=\"https:\/\/lachapellesousbrancion-culture-patrimoine.fr\/wp-content\/uploads\/2025\/09\/ecole-2-1.jpg\" alt=\"\" class=\"wp-image-112\" srcset=\"https:\/\/lachapellesousbrancion-culture-patrimoine.fr\/wp-content\/uploads\/2025\/09\/ecole-2-1.jpg 1000w, https:\/\/lachapellesousbrancion-culture-patrimoine.fr\/wp-content\/uploads\/2025\/09\/ecole-2-1-300x146.jpg 300w, https:\/\/lachapellesousbrancion-culture-patrimoine.fr\/wp-content\/uploads\/2025\/09\/ecole-2-1-768x375.jpg 768w\" sizes=\"auto, (max-width: 1000px) 100vw, 1000px\" \/><\/figure>\n<\/figure>\n\n\n\n<figure class=\"wp-block-image size-large\"><img loading=\"lazy\" decoding=\"async\" width=\"1024\" height=\"769\" src=\"https:\/\/lachapellesousbrancion-culture-patrimoine.fr\/wp-content\/uploads\/2025\/09\/ecole-1-2-1024x769.jpg\" alt=\"\" class=\"wp-image-114\" srcset=\"https:\/\/lachapellesousbrancion-culture-patrimoine.fr\/wp-content\/uploads\/2025\/09\/ecole-1-2-1024x769.jpg 1024w, https:\/\/lachapellesousbrancion-culture-patrimoine.fr\/wp-content\/uploads\/2025\/09\/ecole-1-2-300x225.jpg 300w, https:\/\/lachapellesousbrancion-culture-patrimoine.fr\/wp-content\/uploads\/2025\/09\/ecole-1-2-768x576.jpg 768w, https:\/\/lachapellesousbrancion-culture-patrimoine.fr\/wp-content\/uploads\/2025\/09\/ecole-1-2.jpg 1387w\" sizes=\"auto, (max-width: 1024px) 100vw, 1024px\" \/><\/figure>\n","protected":false},"excerpt":{"rendered":"<p>Lors des Journ\u00e9es du Patrimoine du 16 septembre 2018, l\u2019Association a reconstitu\u00e9 la salle de classe de la commune disparue depuis 1974 et a fait revivre une journ\u00e9e de classe avec la sempiternelle dict\u00e9e et le calcul mental.<\/p>\n","protected":false},"author":1,"featured_media":0,"parent":0,"menu_order":0,"comment_status":"closed","ping_status":"closed","template":"","meta":{"footnotes":""},"class_list":["post-110","page","type-page","status-publish","hentry"],"_links":{"self":[{"href":"https:\/\/lachapellesousbrancion-culture-patrimoine.fr\/index.php?rest_route=\/wp\/v2\/pages\/110","targetHints":{"allow":["GET"]}}],"collection":[{"href":"https:\/\/lachapellesousbrancion-culture-patrimoine.fr\/index.php?rest_route=\/wp\/v2\/pages"}],"about":[{"href":"https:\/\/lachapellesousbrancion-culture-patrimoine.fr\/index.php?rest_route=\/wp\/v2\/types\/page"}],"author":[{"embeddable":true,"href":"https:\/\/lachapellesousbrancion-culture-patrimoine.fr\/index.php?rest_route=\/wp\/v2\/users\/1"}],"replies":[{"embeddable":true,"href":"https:\/\/lachapellesousbrancion-culture-patrimoine.fr\/index.php?rest_route=%2Fwp%2Fv2%2Fcomments&post=110"}],"version-history":[{"count":1,"href":"https:\/\/lachapellesousbrancion-culture-patrimoine.fr\/index.php?rest_route=\/wp\/v2\/pages\/110\/revisions"}],"predecessor-version":[{"id":115,"href":"https:\/\/lachapellesousbrancion-culture-patrimoine.fr\/index.php?rest_route=\/wp\/v2\/pages\/110\/revisions\/115"}],"wp:attachment":[{"href":"https:\/\/lachapellesousbrancion-culture-patrimoine.fr\/index.php?rest_route=%2Fwp%2Fv2%2Fmedia&parent=110"}],"curies":[{"name":"wp","href":"https:\/\/api.w.org\/{rel}","templated":true}]}}